{"id":75,"date":"2014-04-11T18:24:02","date_gmt":"2014-04-11T18:24:02","guid":{"rendered":"http:\/\/cms.tc-parkhaus.de\/?page_id=75"},"modified":"2026-03-16T17:18:17","modified_gmt":"2026-03-16T17:18:17","slug":"mitgliedschaft","status":"publish","type":"page","link":"https:\/\/cms.tc-parkhaus.de\/?page_id=75","title":{"rendered":"Mitgliedschaft"},"content":{"rendered":"<div>\n<h1><span style=\"color: #fd011a;\">Mitglied werden beim TC Parkhaus<\/span><\/h1>\n<p>Neue Mitglieder sind herzlich willkommen&#8230;<\/p>\n<p>Aufnahmeantr\u00e4ge erhalten Sie im Clubhaus oder \u00fcber den nachfolgenden Link:<\/p>\n<p><a href=\"https:\/\/cms.tc-parkhaus.de\/wp-content\/uploads\/2026\/03\/Aufnahmeantrag-TC-Parkhaus-Stand-10.03.2026.pdf\">Aufnahmeantrag TC Parkhaus (Stand 10.03.2026)<\/a><\/p>\n<\/div>\n<div>\n<p><a href=\"https:\/\/cms.tc-parkhaus.de\/wp-content\/uploads\/2026\/03\/Mitgliedsbeitrag_2026-1.png\"><img fetchpriority=\"high\" decoding=\"async\" class=\"alignnone wp-image-5492 \" src=\"https:\/\/cms.tc-parkhaus.de\/wp-content\/uploads\/2026\/03\/Mitgliedsbeitrag_2026-1-300x116.png\" alt=\"\" width=\"543\" height=\"210\" srcset=\"https:\/\/cms.tc-parkhaus.de\/wp-content\/uploads\/2026\/03\/Mitgliedsbeitrag_2026-1-300x116.png 300w, https:\/\/cms.tc-parkhaus.de\/wp-content\/uploads\/2026\/03\/Mitgliedsbeitrag_2026-1-1024x397.png 1024w, https:\/\/cms.tc-parkhaus.de\/wp-content\/uploads\/2026\/03\/Mitgliedsbeitrag_2026-1-768x298.png 768w, https:\/\/cms.tc-parkhaus.de\/wp-content\/uploads\/2026\/03\/Mitgliedsbeitrag_2026-1.png 1339w\" sizes=\"(max-width: 543px) 100vw, 543px\" \/><\/a><br \/>\n<strong><br \/>\n<\/strong><\/p>\n<p>Bitte drucken Sie das Dokument aus und erg\u00e4nzen es um Ihre Angaben.<br \/>\nNach Ihrer\/n Unterschrift\/en f\u00fcr die Mitgliedschaft und f\u00fcr die das SEPA-Lastschriftmandat k\u00f6nnen Sie den Aufnahmeantrag<\/p>\n<p style=\"text-align: left;\">per Post senden an:<\/p>\n<p style=\"text-align: left; padding-left: 30px;\">TC Parkhaus Wanne-Eickel e.V. <strong>\u2013 Vorstand &#8211;<\/strong> , Reichsstr. 40, 44651 Herne<\/p>\n<p style=\"text-align: left;\">oder\u00a0pers\u00f6nlich \u00fcbergeben an:<\/p>\n<p style=\"text-align: left; padding-left: 30px;\">ein Mitglied des <a title=\"Vorstand\" href=\"http:\/\/cms.tc-parkhaus.de\/?page_id=80\" target=\"_blank\" rel=\"noopener\">Vorstandes<\/a><\/p>\n<p>Wir freuen uns auf Sie!<\/p>\n<p>Unsere Satzung Stand 2015<br \/>\n<a href=\"http:\/\/cms.tc-parkhaus.de\/wp-content\/uploads\/2015\/04\/Satzungs\u00e4nderung-2015.pdf\">Satzungs\u00e4nderung 2015<\/a><\/p>\n<\/div>\n","protected":false},"excerpt":{"rendered":"<p>Mitglied werden beim TC Parkhaus Neue Mitglieder sind herzlich willkommen&#8230; Aufnahmeantr\u00e4ge erhalten Sie im Clubhaus oder \u00fcber den nachfolgenden Link: Aufnahmeantrag TC Parkhaus (Stand 10.03.2026) Bitte drucken Sie das Dokument aus und erg\u00e4nzen es um Ihre Angaben. Nach Ihrer\/n Unterschrift\/en f\u00fcr die Mitgliedschaft und f\u00fcr die das SEPA-Lastschriftmandat k\u00f6nnen Sie den Aufnahmeantrag per Post senden [&hellip;]<\/p>\n","protected":false},"author":11,"featured_media":0,"parent":2,"menu_order":0,"comment_status":"closed","ping_status":"closed","template":"","meta":{"ocean_post_layout":"","ocean_both_sidebars_style":"","ocean_both_sidebars_content_width":0,"ocean_both_sidebars_sidebars_width":0,"ocean_sidebar":"","ocean_second_sidebar":"","ocean_disable_margins":"enable","ocean_add_body_class":"","ocean_shortcode_before_top_bar":"","ocean_shortcode_after_top_bar":"","ocean_shortcode_before_header":"","ocean_shortcode_after_header":"","ocean_has_shortcode":"","ocean_shortcode_after_title":"","ocean_shortcode_before_footer_widgets":"","ocean_shortcode_after_footer_widgets":"","ocean_shortcode_before_footer_bottom":"","ocean_shortcode_after_footer_bottom":"","ocean_display_top_bar":"default","ocean_display_header":"default","ocean_header_style":"","ocean_center_header_left_menu":"","ocean_custom_header_template":"","ocean_custom_logo":0,"ocean_custom_retina_logo":0,"ocean_custom_logo_max_width":0,"ocean_custom_logo_tablet_max_width":0,"ocean_custom_logo_mobile_max_width":0,"ocean_custom_logo_max_height":0,"ocean_custom_logo_tablet_max_height":0,"ocean_custom_logo_mobile_max_height":0,"ocean_header_custom_menu":"","ocean_menu_typo_font_family":"","ocean_menu_typo_font_subset":"","ocean_menu_typo_font_size":0,"ocean_menu_typo_font_size_tablet":0,"ocean_menu_typo_font_size_mobile":0,"ocean_menu_typo_font_size_unit":"px","ocean_menu_typo_font_weight":"","ocean_menu_typo_font_weight_tablet":"","ocean_menu_typo_font_weight_mobile":"","ocean_menu_typo_transform":"","ocean_menu_typo_transform_tablet":"","ocean_menu_typo_transform_mobile":"","ocean_menu_typo_line_height":0,"ocean_menu_typo_line_height_tablet":0,"ocean_menu_typo_line_height_mobile":0,"ocean_menu_typo_line_height_unit":"","ocean_menu_typo_spacing":0,"ocean_menu_typo_spacing_tablet":0,"ocean_menu_typo_spacing_mobile":0,"ocean_menu_typo_spacing_unit":"","ocean_menu_link_color":"","ocean_menu_link_color_hover":"","ocean_menu_link_color_active":"","ocean_menu_link_background":"","ocean_menu_link_hover_background":"","ocean_menu_link_active_background":"","ocean_menu_social_links_bg":"","ocean_menu_social_hover_links_bg":"","ocean_menu_social_links_color":"","ocean_menu_social_hover_links_color":"","ocean_disable_title":"default","ocean_disable_heading":"default","ocean_post_title":"","ocean_post_subheading":"","ocean_post_title_style":"","ocean_post_title_background_color":"","ocean_post_title_background":0,"ocean_post_title_bg_image_position":"","ocean_post_title_bg_image_attachment":"","ocean_post_title_bg_image_repeat":"","ocean_post_title_bg_image_size":"","ocean_post_title_height":0,"ocean_post_title_bg_overlay":0.5,"ocean_post_title_bg_overlay_color":"","ocean_disable_breadcrumbs":"default","ocean_breadcrumbs_color":"","ocean_breadcrumbs_separator_color":"","ocean_breadcrumbs_links_color":"","ocean_breadcrumbs_links_hover_color":"","ocean_display_footer_widgets":"default","ocean_display_footer_bottom":"default","ocean_custom_footer_template":"","footnotes":""},"_links":{"self":[{"href":"https:\/\/cms.tc-parkhaus.de\/index.php?rest_route=\/wp\/v2\/pages\/75"}],"collection":[{"href":"https:\/\/cms.tc-parkhaus.de\/index.php?rest_route=\/wp\/v2\/pages"}],"about":[{"href":"https:\/\/cms.tc-parkhaus.de\/index.php?rest_route=\/wp\/v2\/types\/page"}],"author":[{"embeddable":true,"href":"https:\/\/cms.tc-parkhaus.de\/index.php?rest_route=\/wp\/v2\/users\/11"}],"replies":[{"embeddable":true,"href":"https:\/\/cms.tc-parkhaus.de\/index.php?rest_route=%2Fwp%2Fv2%2Fcomments&post=75"}],"version-history":[{"count":19,"href":"https:\/\/cms.tc-parkhaus.de\/index.php?rest_route=\/wp\/v2\/pages\/75\/revisions"}],"predecessor-version":[{"id":5497,"href":"https:\/\/cms.tc-parkhaus.de\/index.php?rest_route=\/wp\/v2\/pages\/75\/revisions\/5497"}],"up":[{"embeddable":true,"href":"https:\/\/cms.tc-parkhaus.de\/index.php?rest_route=\/wp\/v2\/pages\/2"}],"wp:attachment":[{"href":"https:\/\/cms.tc-parkhaus.de\/index.php?rest_route=%2Fwp%2Fv2%2Fmedia&parent=75"}],"curies":[{"name":"wp","href":"https:\/\/api.w.org\/{rel}","templated":true}]}}