{"id":58,"date":"2014-04-11T18:00:50","date_gmt":"2014-04-11T18:00:50","guid":{"rendered":"http:\/\/cms.tc-parkhaus.de\/?page_id=58"},"modified":"2025-03-07T16:36:52","modified_gmt":"2025-03-07T16:36:52","slug":"gastronomie","status":"publish","type":"page","link":"https:\/\/cms.tc-parkhaus.de\/?page_id=58","title":{"rendered":"Gastronomie"},"content":{"rendered":"<table class=\"alignleft\" style=\"width: 100%; border-collapse: collapse; border-style: hidden; height: 173px;\" border=\"0\">\n<tbody>\n<tr style=\"height: 25px;\">\n<td style=\"width: 1.33333%; height: 25px;\"><\/td>\n<td style=\"width: 98.4943%; height: 25px;\">Taverne Kavala<\/td>\n<\/tr>\n<tr style=\"height: 85px;\">\n<td style=\"width: 1.33333%; height: 85px;\"><\/td>\n<td style=\"width: 98.4943%; height: 85px;\"><a href=\"https:\/\/www.tavernekavala.de\/speisekarte\">Speisekarte<\/a><\/p>\n<p><a href=\"https:\/\/www.tavernekavala.de\/speisekarte\">https:\/\/www.tavernekavala.de\/speisekarte<\/a><\/td>\n<\/tr>\n<tr style=\"height: 63px;\">\n<td style=\"width: 1.33333%; height: 63px;\"><\/td>\n<td style=\"width: 98.4943%; height: 63px;\"><strong>Hier finden Sie uns:<\/strong><\/p>\n<h6>Reichsstra\u00dfe 40, 44651 Herne, Germany<br \/>\n<strong>\u00d6ffnungszeiten:<\/strong><br \/>\nMontag Ruhetag<br \/>\nDi &#8211; Sa<br \/>\n17:00 &#8211; 23:00<br \/>\nSonn- und Feiertage<br \/>\n17:00 &#8211; 23:00<br \/>\nWeitere \u00d6ffnungszeiten nach Absprache<\/h6>\n<h6><strong>Telefon \u00a0\u00a0 02325 586803<\/strong><\/h6>\n<p><a href=\"https:\/\/cms.tc-parkhaus.de\/?attachment_id=4907\" rel=\"attachment wp-att-4907\"><img fetchpriority=\"high\" decoding=\"async\" class=\"wp-image-4907 alignleft\" src=\"https:\/\/cms.tc-parkhaus.de\/wp-content\/uploads\/2020\/04\/1.png\" alt=\"\" width=\"305\" height=\"254\" srcset=\"https:\/\/cms.tc-parkhaus.de\/wp-content\/uploads\/2020\/04\/1.png 521w, https:\/\/cms.tc-parkhaus.de\/wp-content\/uploads\/2020\/04\/1-300x250.png 300w\" sizes=\"(max-width: 305px) 100vw, 305px\" \/><\/a><a href=\"https:\/\/cms.tc-parkhaus.de\/?attachment_id=4910\" rel=\"attachment wp-att-4910\"><img decoding=\"async\" class=\"wp-image-4910 alignleft\" src=\"https:\/\/cms.tc-parkhaus.de\/wp-content\/uploads\/2020\/04\/3.png\" alt=\"\" width=\"308\" height=\"252\" srcset=\"https:\/\/cms.tc-parkhaus.de\/wp-content\/uploads\/2020\/04\/3.png 513w, https:\/\/cms.tc-parkhaus.de\/wp-content\/uploads\/2020\/04\/3-300x246.png 300w\" sizes=\"(max-width: 308px) 100vw, 308px\" \/><\/a><\/td>\n<\/tr>\n<\/tbody>\n<\/table>\n<p><a href=\"https:\/\/cms.tc-parkhaus.de\/?attachment_id=4909\" rel=\"attachment wp-att-4909\"><img decoding=\"async\" class=\"wp-image-4909 alignleft\" src=\"https:\/\/cms.tc-parkhaus.de\/wp-content\/uploads\/2020\/04\/2-1024x417.png\" alt=\"\" width=\"684\" height=\"278\" srcset=\"https:\/\/cms.tc-parkhaus.de\/wp-content\/uploads\/2020\/04\/2-1024x417.png 1024w, https:\/\/cms.tc-parkhaus.de\/wp-content\/uploads\/2020\/04\/2-300x122.png 300w, https:\/\/cms.tc-parkhaus.de\/wp-content\/uploads\/2020\/04\/2-768x313.png 768w, https:\/\/cms.tc-parkhaus.de\/wp-content\/uploads\/2020\/04\/2.png 1089w\" sizes=\"(max-width: 684px) 100vw, 684px\" \/><\/a><a href=\"https:\/\/cms.tc-parkhaus.de\/?attachment_id=4908\" rel=\"attachment wp-att-4908\"><img loading=\"lazy\" decoding=\"async\" class=\"wp-image-4908 alignleft\" src=\"https:\/\/cms.tc-parkhaus.de\/wp-content\/uploads\/2020\/04\/2-1024x683.jpg\" alt=\"\" width=\"687\" height=\"459\" srcset=\"https:\/\/cms.tc-parkhaus.de\/wp-content\/uploads\/2020\/04\/2-1024x683.jpg 1024w, https:\/\/cms.tc-parkhaus.de\/wp-content\/uploads\/2020\/04\/2-300x200.jpg 300w, https:\/\/cms.tc-parkhaus.de\/wp-content\/uploads\/2020\/04\/2-768x512.jpg 768w, https:\/\/cms.tc-parkhaus.de\/wp-content\/uploads\/2020\/04\/2-1536x1024.jpg 1536w, https:\/\/cms.tc-parkhaus.de\/wp-content\/uploads\/2020\/04\/2-360x240.jpg 360w, https:\/\/cms.tc-parkhaus.de\/wp-content\/uploads\/2020\/04\/2.jpg 1920w\" sizes=\"(max-width: 687px) 100vw, 687px\" \/><\/a><\/p>\n","protected":false},"excerpt":{"rendered":"<p>Taverne Kavala Speisekarte https:\/\/www.tavernekavala.de\/speisekarte Hier finden Sie uns: Reichsstra\u00dfe 40, 44651 Herne, Germany \u00d6ffnungszeiten: Montag Ruhetag Di &#8211; Sa 17:00 &#8211; 23:00 Sonn- und Feiertage 17:00 &#8211; 23:00 Weitere \u00d6ffnungszeiten nach Absprache Telefon \u00a0\u00a0 02325 586803<\/p>\n","protected":false},"author":11,"featured_media":0,"parent":2,"menu_order":0,"comment_status":"closed","ping_status":"closed","template":"","meta":{"ocean_post_layout":"","ocean_both_sidebars_style":"","ocean_both_sidebars_content_width":0,"ocean_both_sidebars_sidebars_width":0,"ocean_sidebar":"","ocean_second_sidebar":"","ocean_disable_margins":"enable","ocean_add_body_class":"","ocean_shortcode_before_top_bar":"","ocean_shortcode_after_top_bar":"","ocean_shortcode_before_header":"","ocean_shortcode_after_header":"","ocean_has_shortcode":"","ocean_shortcode_after_title":"","ocean_shortcode_before_footer_widgets":"","ocean_shortcode_after_footer_widgets":"","ocean_shortcode_before_footer_bottom":"","ocean_shortcode_after_footer_bottom":"","ocean_display_top_bar":"default","ocean_display_header":"default","ocean_header_style":"","ocean_center_header_left_menu":"","ocean_custom_header_template":"","ocean_custom_logo":0,"ocean_custom_retina_logo":0,"ocean_custom_logo_max_width":0,"ocean_custom_logo_tablet_max_width":0,"ocean_custom_logo_mobile_max_width":0,"ocean_custom_logo_max_height":0,"ocean_custom_logo_tablet_max_height":0,"ocean_custom_logo_mobile_max_height":0,"ocean_header_custom_menu":"","ocean_menu_typo_font_family":"","ocean_menu_typo_font_subset":"","ocean_menu_typo_font_size":0,"ocean_menu_typo_font_size_tablet":0,"ocean_menu_typo_font_size_mobile":0,"ocean_menu_typo_font_size_unit":"px","ocean_menu_typo_font_weight":"","ocean_menu_typo_font_weight_tablet":"","ocean_menu_typo_font_weight_mobile":"","ocean_menu_typo_transform":"","ocean_menu_typo_transform_tablet":"","ocean_menu_typo_transform_mobile":"","ocean_menu_typo_line_height":0,"ocean_menu_typo_line_height_tablet":0,"ocean_menu_typo_line_height_mobile":0,"ocean_menu_typo_line_height_unit":"","ocean_menu_typo_spacing":0,"ocean_menu_typo_spacing_tablet":0,"ocean_menu_typo_spacing_mobile":0,"ocean_menu_typo_spacing_unit":"","ocean_menu_link_color":"","ocean_menu_link_color_hover":"","ocean_menu_link_color_active":"","ocean_menu_link_background":"","ocean_menu_link_hover_background":"","ocean_menu_link_active_background":"","ocean_menu_social_links_bg":"","ocean_menu_social_hover_links_bg":"","ocean_menu_social_links_color":"","ocean_menu_social_hover_links_color":"","ocean_disable_title":"default","ocean_disable_heading":"default","ocean_post_title":"","ocean_post_subheading":"","ocean_post_title_style":"","ocean_post_title_background_color":"","ocean_post_title_background":0,"ocean_post_title_bg_image_position":"","ocean_post_title_bg_image_attachment":"","ocean_post_title_bg_image_repeat":"","ocean_post_title_bg_image_size":"","ocean_post_title_height":0,"ocean_post_title_bg_overlay":0.5,"ocean_post_title_bg_overlay_color":"","ocean_disable_breadcrumbs":"default","ocean_breadcrumbs_color":"","ocean_breadcrumbs_separator_color":"","ocean_breadcrumbs_links_color":"","ocean_breadcrumbs_links_hover_color":"","ocean_display_footer_widgets":"default","ocean_display_footer_bottom":"default","ocean_custom_footer_template":"","footnotes":""},"_links":{"self":[{"href":"https:\/\/cms.tc-parkhaus.de\/index.php?rest_route=\/wp\/v2\/pages\/58"}],"collection":[{"href":"https:\/\/cms.tc-parkhaus.de\/index.php?rest_route=\/wp\/v2\/pages"}],"about":[{"href":"https:\/\/cms.tc-parkhaus.de\/index.php?rest_route=\/wp\/v2\/types\/page"}],"author":[{"embeddable":true,"href":"https:\/\/cms.tc-parkhaus.de\/index.php?rest_route=\/wp\/v2\/users\/11"}],"replies":[{"embeddable":true,"href":"https:\/\/cms.tc-parkhaus.de\/index.php?rest_route=%2Fwp%2Fv2%2Fcomments&post=58"}],"version-history":[{"count":38,"href":"https:\/\/cms.tc-parkhaus.de\/index.php?rest_route=\/wp\/v2\/pages\/58\/revisions"}],"predecessor-version":[{"id":5456,"href":"https:\/\/cms.tc-parkhaus.de\/index.php?rest_route=\/wp\/v2\/pages\/58\/revisions\/5456"}],"up":[{"embeddable":true,"href":"https:\/\/cms.tc-parkhaus.de\/index.php?rest_route=\/wp\/v2\/pages\/2"}],"wp:attachment":[{"href":"https:\/\/cms.tc-parkhaus.de\/index.php?rest_route=%2Fwp%2Fv2%2Fmedia&parent=58"}],"curies":[{"name":"wp","href":"https:\/\/api.w.org\/{rel}","templated":true}]}}