{"id":2,"date":"2014-04-11T13:10:25","date_gmt":"2014-04-11T13:10:25","guid":{"rendered":"http:\/\/cms.tc-parkhaus.de\/?page_id=2"},"modified":"2019-01-13T18:40:26","modified_gmt":"2019-01-13T18:40:26","slug":"sample-page","status":"publish","type":"page","link":"https:\/\/cms.tc-parkhaus.de\/?page_id=2","title":{"rendered":"Verein"},"content":{"rendered":"<h1><span style=\"color: #fd0124;\">Der TC Parkhaus stellt sich vor<\/span><\/h1>\n<p>Der TC Parkhaus Wanne-Eickel wurde 1967 gegr\u00fcndet und weist mittlerweile \u00fcber 350 Mitglieder auf. Seit Jahren k\u00f6nnen die Mitgliederzahlen konstant gehalten und die Zahl der aktiven Mitglieder sogar ausgebaut werden.<\/p>\n<p><a href=\"http:\/\/cms.tc-parkhaus.de\/wp-content\/uploads\/2014\/04\/Luftbild-TCP.jpg\"><img fetchpriority=\"high\" decoding=\"async\" class=\"size-medium wp-image-371 aligncenter\" alt=\"Luftbild TCP\" src=\"http:\/\/cms.tc-parkhaus.de\/wp-content\/uploads\/2014\/04\/Luftbild-TCP-300x211.jpg\" width=\"300\" height=\"211\" srcset=\"https:\/\/cms.tc-parkhaus.de\/wp-content\/uploads\/2014\/04\/Luftbild-TCP-300x211.jpg 300w, https:\/\/cms.tc-parkhaus.de\/wp-content\/uploads\/2014\/04\/Luftbild-TCP.jpg 879w\" sizes=\"(max-width: 300px) 100vw, 300px\" \/><\/a><\/p>\n<p>Beim TCP hat der Breitensport sowie die Erfolge der Jugend den gleichen Stellenwert wie das wettkampforientierte Leistungstennis.<\/p>\n<p>Das erfolgreiche Vereinskonzept des TCP beruht besonders auf der guten Zusammenarbeit von Vorstand \u2013 Trainerteam \u2013 Aussch\u00fcssen \u2013 Clubgastronomie und nat\u00fcrlich der Unterst\u00fctzung vieler einzelner Mitglieder.<\/p>\n<p><span style=\"color: #fd0124;\"><strong>Das gemeinsame Vereinsleben steht beim TC Parkhaus im Vordergrund<\/strong><\/span><\/p>\n<p>Spa\u00df ist nicht nur beim Tennis, sondern auch bei anderen Aktivit\u00e4ten f\u00fcr alle Altersgruppen garantiert.<br \/>\nDer TCP verf\u00fcgt \u00fcber 6 Au\u00dfen- und 2 Hallenpl\u00e4tze mit neu verlegtem Tennisforce Belag &#8211; einem Aschenplatz mit roter Ziegelmehlasche.<br \/>\nZwei weitere Allwetterpl\u00e4tze des Vereins mit dem Tennisforce Belag k\u00f6nnen \u00fcber einen sehr langen Zeitraum bespielt werden. Die Pl\u00e4tze werden gr\u00f6\u00dftenteils zum Training oder zu Jugend-Meisterschaftsspielen genutzt.<\/p>\n","protected":false},"excerpt":{"rendered":"<p>Der TC Parkhaus stellt sich vor Der TC Parkhaus Wanne-Eickel wurde 1967 gegr\u00fcndet und weist mittlerweile \u00fcber 350 Mitglieder auf. Seit Jahren k\u00f6nnen die Mitgliederzahlen konstant gehalten und die Zahl der aktiven Mitglieder sogar ausgebaut werden. Beim TCP hat der Breitensport sowie die Erfolge der Jugend den gleichen Stellenwert wie das wettkampforientierte Leistungstennis. Das erfolgreiche [&hellip;]<\/p>\n","protected":false},"author":11,"featured_media":371,"parent":0,"menu_order":0,"comment_status":"closed","ping_status":"closed","template":"","meta":{"ocean_post_layout":"","ocean_both_sidebars_style":"","ocean_both_sidebars_content_width":0,"ocean_both_sidebars_sidebars_width":0,"ocean_sidebar":"","ocean_second_sidebar":"","ocean_disable_margins":"enable","ocean_add_body_class":"","ocean_shortcode_before_top_bar":"","ocean_shortcode_after_top_bar":"","ocean_shortcode_before_header":"","ocean_shortcode_after_header":"","ocean_has_shortcode":"","ocean_shortcode_after_title":"","ocean_shortcode_before_footer_widgets":"","ocean_shortcode_after_footer_widgets":"","ocean_shortcode_before_footer_bottom":"","ocean_shortcode_after_footer_bottom":"","ocean_display_top_bar":"default","ocean_display_header":"default","ocean_header_style":"","ocean_center_header_left_menu":"","ocean_custom_header_template":"","ocean_custom_logo":0,"ocean_custom_retina_logo":0,"ocean_custom_logo_max_width":0,"ocean_custom_logo_tablet_max_width":0,"ocean_custom_logo_mobile_max_width":0,"ocean_custom_logo_max_height":0,"ocean_custom_logo_tablet_max_height":0,"ocean_custom_logo_mobile_max_height":0,"ocean_header_custom_menu":"","ocean_menu_typo_font_family":"","ocean_menu_typo_font_subset":"","ocean_menu_typo_font_size":0,"ocean_menu_typo_font_size_tablet":0,"ocean_menu_typo_font_size_mobile":0,"ocean_menu_typo_font_size_unit":"px","ocean_menu_typo_font_weight":"","ocean_menu_typo_font_weight_tablet":"","ocean_menu_typo_font_weight_mobile":"","ocean_menu_typo_transform":"","ocean_menu_typo_transform_tablet":"","ocean_menu_typo_transform_mobile":"","ocean_menu_typo_line_height":0,"ocean_menu_typo_line_height_tablet":0,"ocean_menu_typo_line_height_mobile":0,"ocean_menu_typo_line_height_unit":"","ocean_menu_typo_spacing":0,"ocean_menu_typo_spacing_tablet":0,"ocean_menu_typo_spacing_mobile":0,"ocean_menu_typo_spacing_unit":"","ocean_menu_link_color":"","ocean_menu_link_color_hover":"","ocean_menu_link_color_active":"","ocean_menu_link_background":"","ocean_menu_link_hover_background":"","ocean_menu_link_active_background":"","ocean_menu_social_links_bg":"","ocean_menu_social_hover_links_bg":"","ocean_menu_social_links_color":"","ocean_menu_social_hover_links_color":"","ocean_disable_title":"default","ocean_disable_heading":"default","ocean_post_title":"","ocean_post_subheading":"","ocean_post_title_style":"","ocean_post_title_background_color":"","ocean_post_title_background":0,"ocean_post_title_bg_image_position":"","ocean_post_title_bg_image_attachment":"","ocean_post_title_bg_image_repeat":"","ocean_post_title_bg_image_size":"","ocean_post_title_height":0,"ocean_post_title_bg_overlay":0.5,"ocean_post_title_bg_overlay_color":"","ocean_disable_breadcrumbs":"default","ocean_breadcrumbs_color":"","ocean_breadcrumbs_separator_color":"","ocean_breadcrumbs_links_color":"","ocean_breadcrumbs_links_hover_color":"","ocean_display_footer_widgets":"default","ocean_display_footer_bottom":"default","ocean_custom_footer_template":"","footnotes":""},"_links":{"self":[{"href":"https:\/\/cms.tc-parkhaus.de\/index.php?rest_route=\/wp\/v2\/pages\/2"}],"collection":[{"href":"https:\/\/cms.tc-parkhaus.de\/index.php?rest_route=\/wp\/v2\/pages"}],"about":[{"href":"https:\/\/cms.tc-parkhaus.de\/index.php?rest_route=\/wp\/v2\/types\/page"}],"author":[{"embeddable":true,"href":"https:\/\/cms.tc-parkhaus.de\/index.php?rest_route=\/wp\/v2\/users\/11"}],"replies":[{"embeddable":true,"href":"https:\/\/cms.tc-parkhaus.de\/index.php?rest_route=%2Fwp%2Fv2%2Fcomments&post=2"}],"version-history":[{"count":12,"href":"https:\/\/cms.tc-parkhaus.de\/index.php?rest_route=\/wp\/v2\/pages\/2\/revisions"}],"predecessor-version":[{"id":4411,"href":"https:\/\/cms.tc-parkhaus.de\/index.php?rest_route=\/wp\/v2\/pages\/2\/revisions\/4411"}],"wp:featuredmedia":[{"embeddable":true,"href":"https:\/\/cms.tc-parkhaus.de\/index.php?rest_route=\/wp\/v2\/media\/371"}],"wp:attachment":[{"href":"https:\/\/cms.tc-parkhaus.de\/index.php?rest_route=%2Fwp%2Fv2%2Fmedia&parent=2"}],"curies":[{"name":"wp","href":"https:\/\/api.w.org\/{rel}","templated":true}]}}