{"id":134,"date":"2014-04-11T20:07:56","date_gmt":"2014-04-11T20:07:56","guid":{"rendered":"http:\/\/cms.tc-parkhaus.de\/?page_id=134"},"modified":"2018-12-12T13:17:21","modified_gmt":"2018-12-12T13:17:21","slug":"jugend","status":"publish","type":"page","link":"https:\/\/cms.tc-parkhaus.de\/?page_id=134","title":{"rendered":"Jugend"},"content":{"rendered":"<h3><strong><span style=\"color: #dd0000;\">Beim TC Parkhaus ist Bewegung<br \/>\n<\/span><\/strong>Monatliche Tenniscamps werden mit gro\u00dfer Begeisterung angenommen!<\/h3>\n<p>Anna spielt gern Tennis zu ihren eigenen Bedingungen und Jost muss zwischendurch Fu\u00dfball spielen. D\u00fcrfen sie alles.<br \/>\nDenn um die B\u00e4lle geht es beim Tenniscamp, das die Tennisschule im TC Parkhaus ihren Kindern an Wochenenden monatlich anbietet.<br \/>\nDie Trainer Sascha Moryson und Mariusz Zielinski bereiten vor und 18 Kinder folgten. Jetzt. Manchmal kommen auch noch mehr.<\/p>\n<p>Die spielen dann auf zwei Pl\u00e4tzen, aus denen f\u00fcr die Kleinen auch mal eben vier werden. Ballgef\u00fchl wird ge\u00fcbt.<br \/>\nB\u00e4lle werden in H\u00fctchen gefangen, einander zugeworfen und schlie\u00dflich auch \u00fcber die kleinen oder die gro\u00dfen Netze gespielt.<br \/>\nDass die mal eben f\u00fcr den Nachwuchs die Freizeit opfern, spricht f\u00fcr den Zusammenhalt im Club an der Reichsstra\u00dfe, das Engagement der Tennisschule und den Einsatz der f\u00fcr Sport und Jugend Gew\u00e4hlten.<\/p>\n<p>Mit dem Schl\u00e4ger abstoppen oder sanft \u00fcbers Netz spielen, obwohl doch so manch ein k\u00fcnftiger Sascha Zverev so gern ballern w\u00fcrde, \u00fcbt Konzentration.<br \/>\nSascha gibt\u2019s vor, auch n\u00f6tige schnelle Beine. Da h\u00fcpfen die Tenniskinder \u00fcber Hindernisse, schieben sich drunter durch und schlagen den Ball nach dem Lauf durch die halbe Halle.<\/p>\n<p>Betreut werden sie mit unendlicher Geduld von TCP-Jugendspielern, jungen Erwachsenen und sogar Leistungsspielern der 1. Mannschaften.Dass die mal eben f\u00fcr den Nachwuchs die Freizeit opfern, spricht f\u00fcr den Zusammenhalt im Club an der Reichsstra\u00dfe, das Engagement der Tennisschule und den Einsatz der f\u00fcr Sport und Jugend Gew\u00e4hlten. Simone Hensen, Maxim Withoff, Nina Kostuj, Kathrin Hegel, Niklas H\u00f6velmann, Marcel Zielinski und Sarah Gnauck sind die Helfer, die mit den Kindern spielen, lachen und den Sport so \u00fcben, dass alle Spa\u00df haben.<\/p>\n<p>Was man sehen und weithin auch h\u00f6ren kann. Danke allen.<br \/>\nAm Sonntag fand das 5. Tenniscamp in diesem Winter statt und jedes mal waren zwischen 25 und 30 Kinder dabei.<br \/>\nDie Camps umfassen 5 Stunden im Monat, jedes Kind spielt an diesem Tag 2 Stunden Tennis und 1 Stunde wird altersgerechtes Konditions- und Koordinationstraining geboten.Dieses Angebot wird mit gro\u00dfer Sicherheit das ganze Jahr, also auch im Sommer angeboten, denn nicht nur die Kinder haben Spa\u00df, auch Trainer und Betreuer sind begeistert von der Teilnahme und dem Spa\u00df der Kinder.<\/p>\n<p>Unser Ziel ist es nat\u00fcrlich, dass sich die TC Parkhaus Kinder und Jugendlichen besser kennenlernen und dass das \u201efreie Spielen\u201c gef\u00f6rdert wird.<\/p>\n<p><strong>Mal sehen, wer sich im Sommer mal zum Spielen verabredet?<\/strong><\/p>\n","protected":false},"excerpt":{"rendered":"<p>Beim TC Parkhaus ist Bewegung Monatliche Tenniscamps werden mit gro\u00dfer Begeisterung angenommen! Anna spielt gern Tennis zu ihren eigenen Bedingungen und Jost muss zwischendurch Fu\u00dfball spielen. D\u00fcrfen sie alles. Denn um die B\u00e4lle geht es beim Tenniscamp, das die Tennisschule im TC Parkhaus ihren Kindern an Wochenenden monatlich anbietet. Die Trainer Sascha Moryson und Mariusz [&hellip;]<\/p>\n","protected":false},"author":11,"featured_media":0,"parent":0,"menu_order":0,"comment_status":"closed","ping_status":"closed","template":"","meta":{"ocean_post_layout":"","ocean_both_sidebars_style":"","ocean_both_sidebars_content_width":0,"ocean_both_sidebars_sidebars_width":0,"ocean_sidebar":"","ocean_second_sidebar":"","ocean_disable_margins":"enable","ocean_add_body_class":"","ocean_shortcode_before_top_bar":"","ocean_shortcode_after_top_bar":"","ocean_shortcode_before_header":"","ocean_shortcode_after_header":"","ocean_has_shortcode":"","ocean_shortcode_after_title":"","ocean_shortcode_before_footer_widgets":"","ocean_shortcode_after_footer_widgets":"","ocean_shortcode_before_footer_bottom":"","ocean_shortcode_after_footer_bottom":"","ocean_display_top_bar":"default","ocean_display_header":"default","ocean_header_style":"","ocean_center_header_left_menu":"","ocean_custom_header_template":"","ocean_custom_logo":0,"ocean_custom_retina_logo":0,"ocean_custom_logo_max_width":0,"ocean_custom_logo_tablet_max_width":0,"ocean_custom_logo_mobile_max_width":0,"ocean_custom_logo_max_height":0,"ocean_custom_logo_tablet_max_height":0,"ocean_custom_logo_mobile_max_height":0,"ocean_header_custom_menu":"","ocean_menu_typo_font_family":"","ocean_menu_typo_font_subset":"","ocean_menu_typo_font_size":0,"ocean_menu_typo_font_size_tablet":0,"ocean_menu_typo_font_size_mobile":0,"ocean_menu_typo_font_size_unit":"px","ocean_menu_typo_font_weight":"","ocean_menu_typo_font_weight_tablet":"","ocean_menu_typo_font_weight_mobile":"","ocean_menu_typo_transform":"","ocean_menu_typo_transform_tablet":"","ocean_menu_typo_transform_mobile":"","ocean_menu_typo_line_height":0,"ocean_menu_typo_line_height_tablet":0,"ocean_menu_typo_line_height_mobile":0,"ocean_menu_typo_line_height_unit":"","ocean_menu_typo_spacing":0,"ocean_menu_typo_spacing_tablet":0,"ocean_menu_typo_spacing_mobile":0,"ocean_menu_typo_spacing_unit":"","ocean_menu_link_color":"","ocean_menu_link_color_hover":"","ocean_menu_link_color_active":"","ocean_menu_link_background":"","ocean_menu_link_hover_background":"","ocean_menu_link_active_background":"","ocean_menu_social_links_bg":"","ocean_menu_social_hover_links_bg":"","ocean_menu_social_links_color":"","ocean_menu_social_hover_links_color":"","ocean_disable_title":"default","ocean_disable_heading":"default","ocean_post_title":"","ocean_post_subheading":"","ocean_post_title_style":"","ocean_post_title_background_color":"","ocean_post_title_background":0,"ocean_post_title_bg_image_position":"","ocean_post_title_bg_image_attachment":"","ocean_post_title_bg_image_repeat":"","ocean_post_title_bg_image_size":"","ocean_post_title_height":0,"ocean_post_title_bg_overlay":0.5,"ocean_post_title_bg_overlay_color":"","ocean_disable_breadcrumbs":"default","ocean_breadcrumbs_color":"","ocean_breadcrumbs_separator_color":"","ocean_breadcrumbs_links_color":"","ocean_breadcrumbs_links_hover_color":"","ocean_display_footer_widgets":"default","ocean_display_footer_bottom":"default","ocean_custom_footer_template":"","footnotes":""},"_links":{"self":[{"href":"https:\/\/cms.tc-parkhaus.de\/index.php?rest_route=\/wp\/v2\/pages\/134"}],"collection":[{"href":"https:\/\/cms.tc-parkhaus.de\/index.php?rest_route=\/wp\/v2\/pages"}],"about":[{"href":"https:\/\/cms.tc-parkhaus.de\/index.php?rest_route=\/wp\/v2\/types\/page"}],"author":[{"embeddable":true,"href":"https:\/\/cms.tc-parkhaus.de\/index.php?rest_route=\/wp\/v2\/users\/11"}],"replies":[{"embeddable":true,"href":"https:\/\/cms.tc-parkhaus.de\/index.php?rest_route=%2Fwp%2Fv2%2Fcomments&post=134"}],"version-history":[{"count":15,"href":"https:\/\/cms.tc-parkhaus.de\/index.php?rest_route=\/wp\/v2\/pages\/134\/revisions"}],"predecessor-version":[{"id":4024,"href":"https:\/\/cms.tc-parkhaus.de\/index.php?rest_route=\/wp\/v2\/pages\/134\/revisions\/4024"}],"wp:attachment":[{"href":"https:\/\/cms.tc-parkhaus.de\/index.php?rest_route=%2Fwp%2Fv2%2Fmedia&parent=134"}],"curies":[{"name":"wp","href":"https:\/\/api.w.org\/{rel}","templated":true}]}}